{"id":481,"date":"2023-06-23T16:32:02","date_gmt":"2023-06-23T19:32:02","guid":{"rendered":"http:\/\/grupohospitalarvidas.com.br\/?page_id=481"},"modified":"2025-07-24T16:01:16","modified_gmt":"2025-07-24T19:01:16","slug":"clinicas-vidas-de-especialidades","status":"publish","type":"page","link":"https:\/\/grupohospitalarvidas.com.br\/index.php\/clinicas-vidas-de-especialidades\/","title":{"rendered":"Cl\u00ednicas Vidas de Especialidades"},"content":{"rendered":"\t\t<div data-elementor-type=\"wp-page\" data-elementor-id=\"481\" class=\"elementor elementor-481\">\n\t\t\t\t\t\t<section class=\"elementor-section elementor-top-section elementor-element elementor-element-7bd2585a elementor-section-boxed elementor-section-height-default elementor-section-height-default\" data-id=\"7bd2585a\" data-element_type=\"section\" data-settings=\"{&quot;background_background&quot;:&quot;video&quot;,&quot;background_video_link&quot;:&quot;http:\\\/\\\/grupohospitalarvidas.com.br\\\/wp-content\\\/uploads\\\/2025\\\/07\\\/logo-Clinicas-Vidas-de-Especialidades-.mp4&quot;,&quot;background_play_on_mobile&quot;:&quot;yes&quot;,&quot;shape_divider_bottom&quot;:&quot;curve&quot;,&quot;shape_divider_bottom_negative&quot;:&quot;yes&quot;}\">\n\t\t\t\t\t\t\t\t<div class=\"elementor-background-video-container\" aria-hidden=\"true\">\n\t\t\t\t\t\t\t\t\t\t\t\t\t<video class=\"elementor-background-video-hosted\" autoplay muted playsinline loop><\/video>\n\t\t\t\t\t\t\t\t\t\t\t<\/div>\n\t\t\t\t\t\t\t\t\t<div class=\"elementor-background-overlay\"><\/div>\n\t\t\t\t\t\t<div class=\"elementor-shape elementor-shape-bottom\" aria-hidden=\"true\" data-negative=\"true\">\n\t\t\t<svg xmlns=\"http:\/\/www.w3.org\/2000\/svg\" viewBox=\"0 0 1000 100\" preserveAspectRatio=\"none\">\n\t<path class=\"elementor-shape-fill\" d=\"M500,97C126.7,96.3,0.8,19.8,0,0v100l1000,0V1C1000,19.4,873.3,97.8,500,97z\"\/>\n<\/svg>\t\t<\/div>\n\t\t\t\t\t<div class=\"elementor-container elementor-column-gap-default\">\n\t\t\t\t\t<div class=\"elementor-column elementor-col-100 elementor-top-column elementor-element elementor-element-1f4e1d7\" data-id=\"1f4e1d7\" data-element_type=\"column\">\n\t\t\t<div class=\"elementor-widget-wrap\">\n\t\t\t\t\t\t\t<\/div>\n\t\t<\/div>\n\t\t\t\t\t<\/div>\n\t\t<\/section>\n\t\t\t\t<section class=\"elementor-section elementor-top-section elementor-element elementor-element-4e6ed048 elementor-reverse-tablet elementor-reverse-mobile elementor-section-boxed elementor-section-height-default elementor-section-height-default\" data-id=\"4e6ed048\" data-element_type=\"section\">\n\t\t\t\t\t\t<div class=\"elementor-container elementor-column-gap-default\">\n\t\t\t\t\t<div class=\"elementor-column elementor-col-50 elementor-top-column elementor-element elementor-element-ca1a187\" data-id=\"ca1a187\" data-element_type=\"column\">\n\t\t\t<div class=\"elementor-widget-wrap elementor-element-populated\">\n\t\t\t\t\t\t<div class=\"elementor-element elementor-element-665eab05 elementor-invisible elementor-widget elementor-widget-heading\" data-id=\"665eab05\" data-element_type=\"widget\" data-settings=\"{&quot;_animation&quot;:&quot;fadeInUp&quot;}\" data-widget_type=\"heading.default\">\n\t\t\t\t<div class=\"elementor-widget-container\">\n\t\t\t\t\t<h2 class=\"elementor-heading-title elementor-size-default\">Procedimentos<\/h2>\t\t\t\t<\/div>\n\t\t\t\t<\/div>\n\t\t\t\t<section class=\"elementor-section elementor-inner-section elementor-element elementor-element-b3e6693 elementor-section-boxed elementor-section-height-default elementor-section-height-default\" data-id=\"b3e6693\" data-element_type=\"section\">\n\t\t\t\t\t\t<div class=\"elementor-container elementor-column-gap-default\">\n\t\t\t\t\t<div class=\"elementor-column elementor-col-50 elementor-inner-column elementor-element elementor-element-6dafaba\" data-id=\"6dafaba\" data-element_type=\"column\">\n\t\t\t<div class=\"elementor-widget-wrap elementor-element-populated\">\n\t\t\t\t\t\t<div class=\"elementor-element elementor-element-0fcf0e5 elementor-widget elementor-widget-text-editor\" data-id=\"0fcf0e5\" data-element_type=\"widget\" data-widget_type=\"text-editor.default\">\n\t\t\t\t<div class=\"elementor-widget-container\">\n\t\t\t\t\t\t\t\t\t<p><img decoding=\"async\" class=\"\" src=\"https:\/\/grupohospitalarvidas.com.br\/wp-content\/uploads\/2023\/06\/Grupo-vidas-Logo.png\" alt=\"Grupo-vidas-Logo\" width=\"21\" height=\"21\" \/>Acupuntura <br \/><img decoding=\"async\" class=\"\" src=\"https:\/\/grupohospitalarvidas.com.br\/wp-content\/uploads\/2023\/06\/Grupo-vidas-Logo.png\" alt=\"Grupo-vidas-Logo\" width=\"21\" height=\"21\" \/>Avalia\u00e7\u00e3o &#8211; peq. procedimentos <br \/><img decoding=\"async\" class=\"\" src=\"https:\/\/grupohospitalarvidas.com.br\/wp-content\/uploads\/2023\/06\/Grupo-vidas-Logo.png\" alt=\"Grupo-vidas-Logo\" width=\"21\" height=\"21\" \/>Buco maxilo <br \/><img decoding=\"async\" class=\"\" src=\"https:\/\/grupohospitalarvidas.com.br\/wp-content\/uploads\/2023\/06\/Grupo-vidas-Logo.png\" alt=\"Grupo-vidas-Logo\" width=\"21\" height=\"21\" \/>Cabe\u00e7a e pesco\u00e7o <br \/><img decoding=\"async\" class=\"\" src=\"https:\/\/grupohospitalarvidas.com.br\/wp-content\/uploads\/2023\/06\/Grupo-vidas-Logo.png\" alt=\"Grupo-vidas-Logo\" width=\"21\" height=\"21\" \/>Cardiologia <br \/><img decoding=\"async\" class=\"\" src=\"https:\/\/grupohospitalarvidas.com.br\/wp-content\/uploads\/2023\/06\/Grupo-vidas-Logo.png\" alt=\"Grupo-vidas-Logo\" width=\"21\" height=\"21\" \/>Cirurgia bari\u00e1trica <br \/><img decoding=\"async\" class=\"\" src=\"https:\/\/grupohospitalarvidas.com.br\/wp-content\/uploads\/2023\/06\/Grupo-vidas-Logo.png\" alt=\"Grupo-vidas-Logo\" width=\"21\" height=\"21\" \/>Cirurgia cardiol\u00f3gica <br \/><img decoding=\"async\" class=\"\" src=\"https:\/\/grupohospitalarvidas.com.br\/wp-content\/uploads\/2023\/06\/Grupo-vidas-Logo.png\" alt=\"Grupo-vidas-Logo\" width=\"21\" height=\"21\" \/>Cirurgia geral <br \/><img decoding=\"async\" class=\"\" src=\"https:\/\/grupohospitalarvidas.com.br\/wp-content\/uploads\/2023\/06\/Grupo-vidas-Logo.png\" alt=\"Grupo-vidas-Logo\" width=\"21\" height=\"21\" \/>Cirurgia ginecol\u00f3gica <br \/><img decoding=\"async\" class=\"\" src=\"https:\/\/grupohospitalarvidas.com.br\/wp-content\/uploads\/2023\/06\/Grupo-vidas-Logo.png\" alt=\"Grupo-vidas-Logo\" width=\"21\" height=\"21\" \/>Cirurgia infantil <br \/><img decoding=\"async\" class=\"\" src=\"https:\/\/grupohospitalarvidas.com.br\/wp-content\/uploads\/2023\/06\/Grupo-vidas-Logo.png\" alt=\"Grupo-vidas-Logo\" width=\"21\" height=\"21\" \/>Cirurgia pl\u00e1stica <br \/><img decoding=\"async\" class=\"\" src=\"https:\/\/grupohospitalarvidas.com.br\/wp-content\/uploads\/2023\/06\/Grupo-vidas-Logo.png\" alt=\"Grupo-vidas-Logo\" width=\"21\" height=\"21\" \/>Cirurgia tor\u00e1cica <br \/><img decoding=\"async\" class=\"\" src=\"https:\/\/grupohospitalarvidas.com.br\/wp-content\/uploads\/2023\/06\/Grupo-vidas-Logo.png\" alt=\"Grupo-vidas-Logo\" width=\"21\" height=\"21\" \/>Cirurgia vascular <br \/><img decoding=\"async\" class=\"\" src=\"https:\/\/grupohospitalarvidas.com.br\/wp-content\/uploads\/2023\/06\/Grupo-vidas-Logo.png\" alt=\"Grupo-vidas-Logo\" width=\"21\" height=\"21\" \/>Cirurgia\/otorrino <br \/><img decoding=\"async\" class=\"\" src=\"https:\/\/grupohospitalarvidas.com.br\/wp-content\/uploads\/2023\/06\/Grupo-vidas-Logo.png\" alt=\"Grupo-vidas-Logo\" width=\"21\" height=\"21\" \/>Clinica m\u00e9dica <br \/><img decoding=\"async\" class=\"\" src=\"https:\/\/grupohospitalarvidas.com.br\/wp-content\/uploads\/2023\/06\/Grupo-vidas-Logo.png\" alt=\"Grupo-vidas-Logo\" width=\"21\" height=\"21\" \/>Coloca\u00e7\u00e3o de diu <br \/><img decoding=\"async\" class=\"\" src=\"https:\/\/grupohospitalarvidas.com.br\/wp-content\/uploads\/2023\/06\/Grupo-vidas-Logo.png\" alt=\"Grupo-vidas-Logo\" width=\"21\" height=\"21\" \/>Dermatologia<br \/><img decoding=\"async\" class=\"\" src=\"https:\/\/grupohospitalarvidas.com.br\/wp-content\/uploads\/2023\/06\/Grupo-vidas-Logo.png\" alt=\"Grupo-vidas-Logo\" width=\"21\" height=\"21\" \/>Ginecologia<\/p>\t\t\t\t\t\t\t\t<\/div>\n\t\t\t\t<\/div>\n\t\t\t\t\t<\/div>\n\t\t<\/div>\n\t\t\t\t<div class=\"elementor-column elementor-col-50 elementor-inner-column elementor-element elementor-element-8210f96\" data-id=\"8210f96\" data-element_type=\"column\">\n\t\t\t<div class=\"elementor-widget-wrap elementor-element-populated\">\n\t\t\t\t\t\t<div class=\"elementor-element elementor-element-dae4ef5 elementor-widget elementor-widget-text-editor\" data-id=\"dae4ef5\" data-element_type=\"widget\" data-widget_type=\"text-editor.default\">\n\t\t\t\t<div class=\"elementor-widget-container\">\n\t\t\t\t\t\t\t\t\t<p><img decoding=\"async\" class=\"\" src=\"https:\/\/grupohospitalarvidas.com.br\/wp-content\/uploads\/2023\/06\/Grupo-vidas-Logo.png\" alt=\"Grupo-vidas-Logo\" width=\"21\" height=\"21\" \/>Hematologia<br \/><img decoding=\"async\" class=\"\" src=\"https:\/\/grupohospitalarvidas.com.br\/wp-content\/uploads\/2023\/06\/Grupo-vidas-Logo.png\" alt=\"Grupo-vidas-Logo\" width=\"21\" height=\"21\" \/>Histeroscopia cir\u00fargica<br \/><img decoding=\"async\" class=\"\" src=\"https:\/\/grupohospitalarvidas.com.br\/wp-content\/uploads\/2023\/06\/Grupo-vidas-Logo.png\" alt=\"Grupo-vidas-Logo\" width=\"21\" height=\"21\" \/>Mastologista<br \/><img decoding=\"async\" class=\"\" src=\"https:\/\/grupohospitalarvidas.com.br\/wp-content\/uploads\/2023\/06\/Grupo-vidas-Logo.png\" alt=\"Grupo-vidas-Logo\" width=\"21\" height=\"21\" \/>Neurocirurgia<br \/><img decoding=\"async\" class=\"\" src=\"https:\/\/grupohospitalarvidas.com.br\/wp-content\/uploads\/2023\/06\/Grupo-vidas-Logo.png\" alt=\"Grupo-vidas-Logo\" width=\"21\" height=\"21\" \/>Neurologia<br \/><img decoding=\"async\" class=\"\" src=\"https:\/\/grupohospitalarvidas.com.br\/wp-content\/uploads\/2023\/06\/Grupo-vidas-Logo.png\" alt=\"Grupo-vidas-Logo\" width=\"21\" height=\"21\" \/>Nutri\u00e7\u00e3o<br \/><img decoding=\"async\" class=\"\" src=\"https:\/\/grupohospitalarvidas.com.br\/wp-content\/uploads\/2023\/06\/Grupo-vidas-Logo.png\" alt=\"Grupo-vidas-Logo\" width=\"21\" height=\"21\" \/>Oftalmologia<br \/><img decoding=\"async\" class=\"\" src=\"https:\/\/grupohospitalarvidas.com.br\/wp-content\/uploads\/2023\/06\/Grupo-vidas-Logo.png\" alt=\"Grupo-vidas-Logo\" width=\"21\" height=\"21\" \/>Oncologia<br \/><img decoding=\"async\" class=\"\" src=\"https:\/\/grupohospitalarvidas.com.br\/wp-content\/uploads\/2023\/06\/Grupo-vidas-Logo.png\" alt=\"Grupo-vidas-Logo\" width=\"21\" height=\"21\" \/>Ortopedia<br \/><img decoding=\"async\" class=\"\" src=\"https:\/\/grupohospitalarvidas.com.br\/wp-content\/uploads\/2023\/06\/Grupo-vidas-Logo.png\" alt=\"Grupo-vidas-Logo\" width=\"21\" height=\"21\" \/>Ortopedia joelho<br \/><img decoding=\"async\" class=\"\" src=\"https:\/\/grupohospitalarvidas.com.br\/wp-content\/uploads\/2023\/06\/Grupo-vidas-Logo.png\" alt=\"Grupo-vidas-Logo\" width=\"21\" height=\"21\" \/>Otorrinolaringologia<br \/><img decoding=\"async\" class=\"\" src=\"https:\/\/grupohospitalarvidas.com.br\/wp-content\/uploads\/2023\/06\/Grupo-vidas-Logo.png\" alt=\"Grupo-vidas-Logo\" width=\"21\" height=\"21\" \/>Pediatria<br \/><img decoding=\"async\" class=\"\" src=\"https:\/\/grupohospitalarvidas.com.br\/wp-content\/uploads\/2023\/06\/Grupo-vidas-Logo.png\" alt=\"Grupo-vidas-Logo\" width=\"21\" height=\"21\" \/>Proctologia<br \/><img decoding=\"async\" class=\"\" src=\"https:\/\/grupohospitalarvidas.com.br\/wp-content\/uploads\/2023\/06\/Grupo-vidas-Logo.png\" alt=\"Grupo-vidas-Logo\" width=\"21\" height=\"21\" \/>Psicologia &#8211; bari\u00e1trica<br \/><img decoding=\"async\" class=\"\" src=\"https:\/\/grupohospitalarvidas.com.br\/wp-content\/uploads\/2023\/06\/Grupo-vidas-Logo.png\" alt=\"Grupo-vidas-Logo\" width=\"21\" height=\"21\" \/>Psicologia convencional<br \/><img decoding=\"async\" class=\"\" src=\"https:\/\/grupohospitalarvidas.com.br\/wp-content\/uploads\/2023\/06\/Grupo-vidas-Logo.png\" alt=\"Grupo-vidas-Logo\" width=\"21\" height=\"21\" \/>Urologia<\/p>\t\t\t\t\t\t\t\t<\/div>\n\t\t\t\t<\/div>\n\t\t\t\t\t<\/div>\n\t\t<\/div>\n\t\t\t\t\t<\/div>\n\t\t<\/section>\n\t\t\t\t\t<\/div>\n\t\t<\/div>\n\t\t\t\t<div class=\"elementor-column elementor-col-50 elementor-top-column elementor-element elementor-element-6bafca0a\" data-id=\"6bafca0a\" data-element_type=\"column\" data-settings=\"{&quot;background_background&quot;:&quot;classic&quot;}\">\n\t\t\t<div class=\"elementor-widget-wrap elementor-element-populated\">\n\t\t\t\t\t\t<div class=\"elementor-element elementor-element-bb3e4c0 elementor-widget__width-initial elementor-widget elementor-widget-image\" data-id=\"bb3e4c0\" data-element_type=\"widget\" data-widget_type=\"image.default\">\n\t\t\t\t<div class=\"elementor-widget-container\">\n\t\t\t\t\t\t\t\t\t\t\t\t\t\t\t<img fetchpriority=\"high\" decoding=\"async\" width=\"1024\" height=\"576\" src=\"https:\/\/grupohospitalarvidas.com.br\/wp-content\/uploads\/2023\/06\/Hospital-Altacomplexidade-vidas-especialidades-1024x576.png\" class=\"elementor-animation-hang attachment-large size-large wp-image-410\" alt=\"\" srcset=\"https:\/\/grupohospitalarvidas.com.br\/wp-content\/uploads\/2023\/06\/Hospital-Altacomplexidade-vidas-especialidades-1024x576.png 1024w, https:\/\/grupohospitalarvidas.com.br\/wp-content\/uploads\/2023\/06\/Hospital-Altacomplexidade-vidas-especialidades-300x169.png 300w, https:\/\/grupohospitalarvidas.com.br\/wp-content\/uploads\/2023\/06\/Hospital-Altacomplexidade-vidas-especialidades-768x432.png 768w, https:\/\/grupohospitalarvidas.com.br\/wp-content\/uploads\/2023\/06\/Hospital-Altacomplexidade-vidas-especialidades-1536x864.png 1536w, https:\/\/grupohospitalarvidas.com.br\/wp-content\/uploads\/2023\/06\/Hospital-Altacomplexidade-vidas-especialidades.png 1920w\" sizes=\"(max-width: 1024px) 100vw, 1024px\" \/>\t\t\t\t\t\t\t\t\t\t\t\t\t\t\t<\/div>\n\t\t\t\t<\/div>\n\t\t\t\t<div class=\"elementor-element elementor-element-ab925f1 elementor-absolute elementor-widget elementor-widget-image\" data-id=\"ab925f1\" data-element_type=\"widget\" data-settings=\"{&quot;_position&quot;:&quot;absolute&quot;}\" data-widget_type=\"image.default\">\n\t\t\t\t<div class=\"elementor-widget-container\">\n\t\t\t\t\t\t\t\t\t\t\t\t\t\t\t<img decoding=\"async\" width=\"1024\" height=\"576\" src=\"https:\/\/grupohospitalarvidas.com.br\/wp-content\/uploads\/2023\/06\/Hospital-Altacomplexidade-vidas-1024x576.png\" class=\"elementor-animation-hang attachment-large size-large wp-image-389\" alt=\"\" srcset=\"https:\/\/grupohospitalarvidas.com.br\/wp-content\/uploads\/2023\/06\/Hospital-Altacomplexidade-vidas-1024x576.png 1024w, https:\/\/grupohospitalarvidas.com.br\/wp-content\/uploads\/2023\/06\/Hospital-Altacomplexidade-vidas-300x169.png 300w, https:\/\/grupohospitalarvidas.com.br\/wp-content\/uploads\/2023\/06\/Hospital-Altacomplexidade-vidas-768x432.png 768w, https:\/\/grupohospitalarvidas.com.br\/wp-content\/uploads\/2023\/06\/Hospital-Altacomplexidade-vidas-1536x864.png 1536w, https:\/\/grupohospitalarvidas.com.br\/wp-content\/uploads\/2023\/06\/Hospital-Altacomplexidade-vidas.png 1920w\" sizes=\"(max-width: 1024px) 100vw, 1024px\" \/>\t\t\t\t\t\t\t\t\t\t\t\t\t\t\t<\/div>\n\t\t\t\t<\/div>\n\t\t\t\t<div class=\"elementor-element elementor-element-b8fa054 elementor-absolute elementor-widget elementor-widget-image\" data-id=\"b8fa054\" data-element_type=\"widget\" data-settings=\"{&quot;_position&quot;:&quot;absolute&quot;}\" data-widget_type=\"image.default\">\n\t\t\t\t<div class=\"elementor-widget-container\">\n\t\t\t\t\t\t\t\t\t\t\t\t\t\t\t<img loading=\"lazy\" decoding=\"async\" width=\"1024\" height=\"764\" src=\"https:\/\/grupohospitalarvidas.com.br\/wp-content\/uploads\/2023\/06\/services-img2-1024x764.jpeg\" class=\"elementor-animation-hang attachment-large size-large wp-image-127\" alt=\"\" srcset=\"https:\/\/grupohospitalarvidas.com.br\/wp-content\/uploads\/2023\/06\/services-img2-1024x764.jpeg 1024w, https:\/\/grupohospitalarvidas.com.br\/wp-content\/uploads\/2023\/06\/services-img2-300x224.jpeg 300w, https:\/\/grupohospitalarvidas.com.br\/wp-content\/uploads\/2023\/06\/services-img2-768x573.jpeg 768w, https:\/\/grupohospitalarvidas.com.br\/wp-content\/uploads\/2023\/06\/services-img2.jpeg 1094w\" sizes=\"(max-width: 1024px) 100vw, 1024px\" \/>\t\t\t\t\t\t\t\t\t\t\t\t\t\t\t<\/div>\n\t\t\t\t<\/div>\n\t\t\t\t\t<\/div>\n\t\t<\/div>\n\t\t\t\t\t<\/div>\n\t\t<\/section>\n\t\t\t\t<section class=\"elementor-section elementor-top-section elementor-element elementor-element-688fa5b elementor-section-full_width elementor-section-height-default elementor-section-height-default\" data-id=\"688fa5b\" data-element_type=\"section\">\n\t\t\t\t\t\t<div class=\"elementor-container elementor-column-gap-no\">\n\t\t\t\t\t<div class=\"elementor-column elementor-col-100 elementor-top-column elementor-element elementor-element-9f303c8\" data-id=\"9f303c8\" data-element_type=\"column\">\n\t\t\t<div class=\"elementor-widget-wrap elementor-element-populated\">\n\t\t\t\t\t\t<div class=\"elementor-element elementor-element-9575043 elementor-widget elementor-widget-spacer\" data-id=\"9575043\" data-element_type=\"widget\" data-widget_type=\"spacer.default\">\n\t\t\t\t<div class=\"elementor-widget-container\">\n\t\t\t\t\t\t\t<div class=\"elementor-spacer\">\n\t\t\t<div class=\"elementor-spacer-inner\"><\/div>\n\t\t<\/div>\n\t\t\t\t\t\t<\/div>\n\t\t\t\t<\/div>\n\t\t\t\t\t<\/div>\n\t\t<\/div>\n\t\t\t\t\t<\/div>\n\t\t<\/section>\n\t\t\t\t<section class=\"elementor-section elementor-top-section elementor-element elementor-element-a7a4968 elementor-section-full_width elementor-section-height-default elementor-section-height-default\" data-id=\"a7a4968\" data-element_type=\"section\">\n\t\t\t\t\t\t<div class=\"elementor-container elementor-column-gap-no\">\n\t\t\t\t\t<div class=\"elementor-column elementor-col-100 elementor-top-column elementor-element elementor-element-ab5295e\" data-id=\"ab5295e\" data-element_type=\"column\">\n\t\t\t<div class=\"elementor-widget-wrap elementor-element-populated\">\n\t\t\t\t\t\t<div class=\"elementor-element elementor-element-2530a10 elementor-widget elementor-widget-google_maps\" data-id=\"2530a10\" data-element_type=\"widget\" data-widget_type=\"google_maps.default\">\n\t\t\t\t<div class=\"elementor-widget-container\">\n\t\t\t\t\t\t\t<div class=\"elementor-custom-embed\">\n\t\t\t<iframe loading=\"lazy\"\n\t\t\t\t\tsrc=\"https:\/\/maps.google.com\/maps?q=R.%20Profa.%20Maria%20de%20Lourdes%20Souza%20Nogueira%2C%2089%20-%20Vila%20Gea%2C%20S%C3%A3o%20Paulo%20-%20SP%2C%2004692-000&#038;t=m&#038;z=10&#038;output=embed&#038;iwloc=near\"\n\t\t\t\t\ttitle=\"R. Profa. Maria de Lourdes Souza Nogueira, 89 - Vila Gea, S\u00e3o Paulo - SP, 04692-000\"\n\t\t\t\t\taria-label=\"R. Profa. Maria de Lourdes Souza Nogueira, 89 - Vila Gea, S\u00e3o Paulo - SP, 04692-000\"\n\t\t\t><\/iframe>\n\t\t<\/div>\n\t\t\t\t\t\t<\/div>\n\t\t\t\t<\/div>\n\t\t\t\t\t<\/div>\n\t\t<\/div>\n\t\t\t\t\t<\/div>\n\t\t<\/section>\n\t\t\t\t<section class=\"elementor-section elementor-top-section elementor-element elementor-element-76c251cd elementor-section-full_width elementor-section-height-default elementor-section-height-default\" data-id=\"76c251cd\" data-element_type=\"section\">\n\t\t\t\t\t\t<div class=\"elementor-container elementor-column-gap-no\">\n\t\t\t\t\t<div class=\"elementor-column elementor-col-100 elementor-top-column elementor-element elementor-element-3fb582a8\" data-id=\"3fb582a8\" data-element_type=\"column\">\n\t\t\t<div class=\"elementor-widget-wrap elementor-element-populated\">\n\t\t\t\t\t\t<div class=\"elementor-element elementor-element-780d7fc1 elementor-widget elementor-widget-shortcode\" data-id=\"780d7fc1\" data-element_type=\"widget\" data-widget_type=\"shortcode.default\">\n\t\t\t\t<div class=\"elementor-widget-container\">\n\t\t\t\t\t\t\t<div class=\"elementor-shortcode\">[elementor-template id=\"78\"]<\/div>\n\t\t\t\t\t\t<\/div>\n\t\t\t\t<\/div>\n\t\t\t\t\t<\/div>\n\t\t<\/div>\n\t\t\t\t\t<\/div>\n\t\t<\/section>\n\t\t\t\t<\/div>\n\t\t","protected":false},"excerpt":{"rendered":"<p>Procedimentos Acupuntura Avalia\u00e7\u00e3o &#8211; peq. procedimentos Buco maxilo Cabe\u00e7a e pesco\u00e7o Cardiologia Cirurgia bari\u00e1trica Cirurgia cardiol\u00f3gica Cirurgia geral Cirurgia ginecol\u00f3gica Cirurgia infantil Cirurgia pl\u00e1stica Cirurgia tor\u00e1cica Cirurgia vascular Cirurgia\/otorrino Clinica m\u00e9dica Coloca\u00e7\u00e3o de diu DermatologiaGinecologia HematologiaHisteroscopia cir\u00fargicaMastologistaNeurocirurgiaNeurologiaNutri\u00e7\u00e3oOftalmologiaOncologiaOrtopediaOrtopedia joelhoOtorrinolaringologiaPediatriaProctologiaPsicologia &#8211; bari\u00e1tricaPsicologia convencionalUrologia [elementor-template id=&#8221;78&#8243;]<\/p>\n","protected":false},"author":1,"featured_media":0,"parent":0,"menu_order":0,"comment_status":"closed","ping_status":"closed","template":"","meta":{"site-sidebar-layout":"no-sidebar","site-content-layout":"page-builder","ast-global-header-display":"","ast-banner-title-visibility":"","ast-main-header-display":"","ast-hfb-above-header-display":"","ast-hfb-below-header-display":"","ast-hfb-mobile-header-display":"","site-post-title":"disabled","ast-breadcrumbs-content":"","ast-featured-img":"disabled","footer-sml-layout":"","theme-transparent-header-meta":"","adv-header-id-meta":"","stick-header-meta":"","header-above-stick-meta":"","header-main-stick-meta":"","header-below-stick-meta":"","footnotes":""},"class_list":["post-481","page","type-page","status-publish","hentry"],"_links":{"self":[{"href":"https:\/\/grupohospitalarvidas.com.br\/index.php\/wp-json\/wp\/v2\/pages\/481","targetHints":{"allow":["GET"]}}],"collection":[{"href":"https:\/\/grupohospitalarvidas.com.br\/index.php\/wp-json\/wp\/v2\/pages"}],"about":[{"href":"https:\/\/grupohospitalarvidas.com.br\/index.php\/wp-json\/wp\/v2\/types\/page"}],"author":[{"embeddable":true,"href":"https:\/\/grupohospitalarvidas.com.br\/index.php\/wp-json\/wp\/v2\/users\/1"}],"replies":[{"embeddable":true,"href":"https:\/\/grupohospitalarvidas.com.br\/index.php\/wp-json\/wp\/v2\/comments?post=481"}],"version-history":[{"count":158,"href":"https:\/\/grupohospitalarvidas.com.br\/index.php\/wp-json\/wp\/v2\/pages\/481\/revisions"}],"predecessor-version":[{"id":2550,"href":"https:\/\/grupohospitalarvidas.com.br\/index.php\/wp-json\/wp\/v2\/pages\/481\/revisions\/2550"}],"wp:attachment":[{"href":"https:\/\/grupohospitalarvidas.com.br\/index.php\/wp-json\/wp\/v2\/media?parent=481"}],"curies":[{"name":"wp","href":"https:\/\/api.w.org\/{rel}","templated":true}]}}