{"id":2589,"date":"2025-07-24T16:44:44","date_gmt":"2025-07-24T19:44:44","guid":{"rendered":"https:\/\/grupohospitalarvidas.com.br\/?page_id=2589"},"modified":"2025-08-21T20:24:11","modified_gmt":"2025-08-21T23:24:11","slug":"clinica-campo-limpo","status":"publish","type":"page","link":"https:\/\/grupohospitalarvidas.com.br\/index.php\/clinica-campo-limpo\/","title":{"rendered":"Clinica Campo Limpo"},"content":{"rendered":"\t\t<div data-elementor-type=\"wp-page\" data-elementor-id=\"2589\" class=\"elementor elementor-2589\">\n\t\t\t\t\t\t<section class=\"elementor-section elementor-top-section elementor-element elementor-element-1644d78c elementor-section-boxed elementor-section-height-default elementor-section-height-default\" data-id=\"1644d78c\" data-element_type=\"section\" data-settings=\"{&quot;background_background&quot;:&quot;video&quot;,&quot;background_video_link&quot;:&quot;http:\\\/\\\/grupohospitalarvidas.com.br\\\/wp-content\\\/uploads\\\/2025\\\/07\\\/clinica-campo-limpo.mp4&quot;,&quot;shape_divider_bottom&quot;:&quot;curve&quot;,&quot;shape_divider_bottom_negative&quot;:&quot;yes&quot;,&quot;background_play_on_mobile&quot;:&quot;yes&quot;}\">\n\t\t\t\t\t\t\t\t<div class=\"elementor-background-video-container\" aria-hidden=\"true\">\n\t\t\t\t\t\t\t\t\t\t\t\t\t<video class=\"elementor-background-video-hosted\" autoplay muted playsinline loop><\/video>\n\t\t\t\t\t\t\t\t\t\t\t<\/div>\n\t\t\t\t\t\t\t\t\t<div class=\"elementor-background-overlay\"><\/div>\n\t\t\t\t\t\t<div class=\"elementor-shape elementor-shape-bottom\" aria-hidden=\"true\" data-negative=\"true\">\n\t\t\t<svg xmlns=\"http:\/\/www.w3.org\/2000\/svg\" viewBox=\"0 0 1000 100\" preserveAspectRatio=\"none\">\n\t<path class=\"elementor-shape-fill\" d=\"M500,97C126.7,96.3,0.8,19.8,0,0v100l1000,0V1C1000,19.4,873.3,97.8,500,97z\"\/>\n<\/svg>\t\t<\/div>\n\t\t\t\t\t<div class=\"elementor-container elementor-column-gap-default\">\n\t\t\t\t\t<div class=\"elementor-column elementor-col-100 elementor-top-column elementor-element elementor-element-ceba020\" data-id=\"ceba020\" data-element_type=\"column\">\n\t\t\t<div class=\"elementor-widget-wrap\">\n\t\t\t\t\t\t\t<\/div>\n\t\t<\/div>\n\t\t\t\t\t<\/div>\n\t\t<\/section>\n\t\t\t\t<section class=\"elementor-section elementor-top-section elementor-element elementor-element-29168a35 elementor-reverse-tablet elementor-reverse-mobile elementor-section-boxed elementor-section-height-default elementor-section-height-default\" data-id=\"29168a35\" data-element_type=\"section\">\n\t\t\t\t\t\t<div class=\"elementor-container elementor-column-gap-default\">\n\t\t\t\t\t<div class=\"elementor-column elementor-col-50 elementor-top-column elementor-element elementor-element-32a73a6\" data-id=\"32a73a6\" data-element_type=\"column\">\n\t\t\t<div class=\"elementor-widget-wrap elementor-element-populated\">\n\t\t\t\t\t\t<div class=\"elementor-element elementor-element-f70d767 elementor-invisible elementor-widget elementor-widget-heading\" data-id=\"f70d767\" data-element_type=\"widget\" data-settings=\"{&quot;_animation&quot;:&quot;fadeInUp&quot;}\" data-widget_type=\"heading.default\">\n\t\t\t\t<div class=\"elementor-widget-container\">\n\t\t\t\t\t<h2 class=\"elementor-heading-title elementor-size-default\">Especialidades<\/h2>\t\t\t\t<\/div>\n\t\t\t\t<\/div>\n\t\t\t\t<section class=\"elementor-section elementor-inner-section elementor-element elementor-element-f37845b elementor-section-boxed elementor-section-height-default elementor-section-height-default\" data-id=\"f37845b\" data-element_type=\"section\">\n\t\t\t\t\t\t<div class=\"elementor-container elementor-column-gap-default\">\n\t\t\t\t\t<div class=\"elementor-column elementor-col-100 elementor-inner-column elementor-element elementor-element-22db039\" data-id=\"22db039\" data-element_type=\"column\">\n\t\t\t<div class=\"elementor-widget-wrap elementor-element-populated\">\n\t\t\t\t\t\t<div class=\"elementor-element elementor-element-ed6bc47 elementor-widget elementor-widget-text-editor\" data-id=\"ed6bc47\" data-element_type=\"widget\" data-widget_type=\"text-editor.default\">\n\t\t\t\t<div class=\"elementor-widget-container\">\n\t\t\t\t\t\t\t\t\t<p><img decoding=\"async\" class=\"\" src=\"https:\/\/grupohospitalarvidas.com.br\/wp-content\/uploads\/2023\/06\/Grupo-vidas-Logo.png\" alt=\"Grupo-vidas-Logo\" width=\"21\" height=\"21\" \/> Cl\u00ednica M\u00e9dica<br \/><img decoding=\"async\" class=\"\" src=\"https:\/\/grupohospitalarvidas.com.br\/wp-content\/uploads\/2023\/06\/Grupo-vidas-Logo.png\" alt=\"Grupo-vidas-Logo\" width=\"21\" height=\"21\" \/> Ortopedia<br \/><img decoding=\"async\" class=\"\" src=\"https:\/\/grupohospitalarvidas.com.br\/wp-content\/uploads\/2023\/06\/Grupo-vidas-Logo.png\" alt=\"Grupo-vidas-Logo\" width=\"21\" height=\"21\" \/> Psicologia Convenciona<\/p>\t\t\t\t\t\t\t\t<\/div>\n\t\t\t\t<\/div>\n\t\t\t\t\t<\/div>\n\t\t<\/div>\n\t\t\t\t\t<\/div>\n\t\t<\/section>\n\t\t\t\t\t<\/div>\n\t\t<\/div>\n\t\t\t\t<div class=\"elementor-column elementor-col-50 elementor-top-column elementor-element elementor-element-6d0c103\" data-id=\"6d0c103\" data-element_type=\"column\" data-settings=\"{&quot;background_background&quot;:&quot;classic&quot;}\">\n\t\t\t<div class=\"elementor-widget-wrap elementor-element-populated\">\n\t\t\t\t\t\t<div class=\"elementor-element elementor-element-3bda010 elementor-widget__width-initial elementor-widget elementor-widget-image\" data-id=\"3bda010\" data-element_type=\"widget\" data-widget_type=\"image.default\">\n\t\t\t\t<div class=\"elementor-widget-container\">\n\t\t\t\t\t\t\t\t\t\t\t\t\t\t\t<img fetchpriority=\"high\" decoding=\"async\" width=\"1024\" height=\"576\" src=\"https:\/\/grupohospitalarvidas.com.br\/wp-content\/uploads\/2023\/06\/Hospital-Altacomplexidade-vidas-especialidades-1024x576.png\" class=\"elementor-animation-hang attachment-large size-large wp-image-410\" alt=\"\" srcset=\"https:\/\/grupohospitalarvidas.com.br\/wp-content\/uploads\/2023\/06\/Hospital-Altacomplexidade-vidas-especialidades-1024x576.png 1024w, https:\/\/grupohospitalarvidas.com.br\/wp-content\/uploads\/2023\/06\/Hospital-Altacomplexidade-vidas-especialidades-300x169.png 300w, https:\/\/grupohospitalarvidas.com.br\/wp-content\/uploads\/2023\/06\/Hospital-Altacomplexidade-vidas-especialidades-768x432.png 768w, https:\/\/grupohospitalarvidas.com.br\/wp-content\/uploads\/2023\/06\/Hospital-Altacomplexidade-vidas-especialidades-1536x864.png 1536w, https:\/\/grupohospitalarvidas.com.br\/wp-content\/uploads\/2023\/06\/Hospital-Altacomplexidade-vidas-especialidades.png 1920w\" sizes=\"(max-width: 1024px) 100vw, 1024px\" \/>\t\t\t\t\t\t\t\t\t\t\t\t\t\t\t<\/div>\n\t\t\t\t<\/div>\n\t\t\t\t<div class=\"elementor-element elementor-element-7ae9ce5 elementor-absolute elementor-widget elementor-widget-image\" data-id=\"7ae9ce5\" data-element_type=\"widget\" data-settings=\"{&quot;_position&quot;:&quot;absolute&quot;}\" data-widget_type=\"image.default\">\n\t\t\t\t<div class=\"elementor-widget-container\">\n\t\t\t\t\t\t\t\t\t\t\t\t\t\t\t<img decoding=\"async\" width=\"1024\" height=\"576\" src=\"https:\/\/grupohospitalarvidas.com.br\/wp-content\/uploads\/2023\/06\/Hospital-Altacomplexidade-vidas-1024x576.png\" class=\"elementor-animation-hang attachment-large size-large wp-image-389\" alt=\"\" srcset=\"https:\/\/grupohospitalarvidas.com.br\/wp-content\/uploads\/2023\/06\/Hospital-Altacomplexidade-vidas-1024x576.png 1024w, https:\/\/grupohospitalarvidas.com.br\/wp-content\/uploads\/2023\/06\/Hospital-Altacomplexidade-vidas-300x169.png 300w, https:\/\/grupohospitalarvidas.com.br\/wp-content\/uploads\/2023\/06\/Hospital-Altacomplexidade-vidas-768x432.png 768w, https:\/\/grupohospitalarvidas.com.br\/wp-content\/uploads\/2023\/06\/Hospital-Altacomplexidade-vidas-1536x864.png 1536w, https:\/\/grupohospitalarvidas.com.br\/wp-content\/uploads\/2023\/06\/Hospital-Altacomplexidade-vidas.png 1920w\" sizes=\"(max-width: 1024px) 100vw, 1024px\" \/>\t\t\t\t\t\t\t\t\t\t\t\t\t\t\t<\/div>\n\t\t\t\t<\/div>\n\t\t\t\t\t<\/div>\n\t\t<\/div>\n\t\t\t\t\t<\/div>\n\t\t<\/section>\n\t\t\t\t<section class=\"elementor-section elementor-top-section elementor-element elementor-element-1b7739e elementor-section-boxed elementor-section-height-default elementor-section-height-default\" data-id=\"1b7739e\" data-element_type=\"section\">\n\t\t\t\t\t\t<div class=\"elementor-container elementor-column-gap-default\">\n\t\t\t\t\t<div class=\"elementor-column elementor-col-100 elementor-top-column elementor-element elementor-element-eeeb045\" data-id=\"eeeb045\" data-element_type=\"column\">\n\t\t\t<div class=\"elementor-widget-wrap elementor-element-populated\">\n\t\t\t\t\t\t<div class=\"elementor-element elementor-element-0c9dbbf elementor-widget-divider--view-line elementor-widget elementor-widget-divider\" data-id=\"0c9dbbf\" data-element_type=\"widget\" data-widget_type=\"divider.default\">\n\t\t\t\t<div class=\"elementor-widget-container\">\n\t\t\t\t\t\t\t<div class=\"elementor-divider\">\n\t\t\t<span class=\"elementor-divider-separator\">\n\t\t\t\t\t\t<\/span>\n\t\t<\/div>\n\t\t\t\t\t\t<\/div>\n\t\t\t\t<\/div>\n\t\t\t\t\t<\/div>\n\t\t<\/div>\n\t\t\t\t\t<\/div>\n\t\t<\/section>\n\t\t\t\t<section class=\"elementor-section elementor-top-section elementor-element elementor-element-a168b95 elementor-section-boxed elementor-section-height-default elementor-section-height-default\" data-id=\"a168b95\" data-element_type=\"section\">\n\t\t\t\t\t\t<div class=\"elementor-container elementor-column-gap-default\">\n\t\t\t\t\t<div class=\"elementor-column elementor-col-100 elementor-top-column elementor-element elementor-element-8ec6f05\" data-id=\"8ec6f05\" data-element_type=\"column\">\n\t\t\t<div class=\"elementor-widget-wrap elementor-element-populated\">\n\t\t\t\t\t\t<div class=\"elementor-element elementor-element-ebe9e18 elementor-widget__width-initial elementor-widget elementor-widget-image\" data-id=\"ebe9e18\" data-element_type=\"widget\" data-widget_type=\"image.default\">\n\t\t\t\t<div class=\"elementor-widget-container\">\n\t\t\t\t\t\t\t\t\t\t\t\t\t\t\t<img loading=\"lazy\" decoding=\"async\" width=\"1900\" height=\"970\" src=\"https:\/\/grupohospitalarvidas.com.br\/wp-content\/uploads\/2025\/07\/Clinicas-Vidas-Logo-CampoLimpo-3.png\" class=\"attachment-full size-full wp-image-2636\" alt=\"\" srcset=\"https:\/\/grupohospitalarvidas.com.br\/wp-content\/uploads\/2025\/07\/Clinicas-Vidas-Logo-CampoLimpo-3.png 1900w, https:\/\/grupohospitalarvidas.com.br\/wp-content\/uploads\/2025\/07\/Clinicas-Vidas-Logo-CampoLimpo-3-300x153.png 300w, https:\/\/grupohospitalarvidas.com.br\/wp-content\/uploads\/2025\/07\/Clinicas-Vidas-Logo-CampoLimpo-3-1024x523.png 1024w, https:\/\/grupohospitalarvidas.com.br\/wp-content\/uploads\/2025\/07\/Clinicas-Vidas-Logo-CampoLimpo-3-768x392.png 768w, https:\/\/grupohospitalarvidas.com.br\/wp-content\/uploads\/2025\/07\/Clinicas-Vidas-Logo-CampoLimpo-3-1536x784.png 1536w\" sizes=\"(max-width: 1900px) 100vw, 1900px\" \/>\t\t\t\t\t\t\t\t\t\t\t\t\t\t\t<\/div>\n\t\t\t\t<\/div>\n\t\t\t\t<div class=\"elementor-element elementor-element-05838ec elementor-widget__width-initial elementor-invisible elementor-widget elementor-widget-heading\" data-id=\"05838ec\" data-element_type=\"widget\" data-settings=\"{&quot;_animation&quot;:&quot;fadeInUp&quot;}\" data-widget_type=\"heading.default\">\n\t\t\t\t<div class=\"elementor-widget-container\">\n\t\t\t\t\t<h2 class=\"elementor-heading-title elementor-size-default\">Acompanhe nosso <b>Endere\u00e7o<\/b><\/h2>\t\t\t\t<\/div>\n\t\t\t\t<\/div>\n\t\t\t\t<div class=\"elementor-element elementor-element-e930e40 elementor-widget elementor-widget-heading\" data-id=\"e930e40\" data-element_type=\"widget\" data-widget_type=\"heading.default\">\n\t\t\t\t<div class=\"elementor-widget-container\">\n\t\t\t\t\t<h2 class=\"elementor-heading-title elementor-size-default\">Cl\u00ednica de Especialidades Vidas Campo Limpo<\/h2>\t\t\t\t<\/div>\n\t\t\t\t<\/div>\n\t\t\t\t<div class=\"elementor-element elementor-element-988ffae elementor-widget elementor-widget-heading\" data-id=\"988ffae\" data-element_type=\"widget\" data-widget_type=\"heading.default\">\n\t\t\t\t<div class=\"elementor-widget-container\">\n\t\t\t\t\t<h2 class=\"elementor-heading-title elementor-size-default\">Estrada de Itapecerica, 2687\nJardim Campo Limpo - Zona Sul<\/h2>\t\t\t\t<\/div>\n\t\t\t\t<\/div>\n\t\t\t\t\t<\/div>\n\t\t<\/div>\n\t\t\t\t\t<\/div>\n\t\t<\/section>\n\t\t\t\t<section class=\"elementor-section elementor-top-section elementor-element elementor-element-8ec67d7 elementor-section-boxed elementor-section-height-default elementor-section-height-default\" data-id=\"8ec67d7\" data-element_type=\"section\">\n\t\t\t\t\t\t<div class=\"elementor-container elementor-column-gap-default\">\n\t\t\t\t\t<div class=\"elementor-column elementor-col-50 elementor-top-column elementor-element elementor-element-4448f9b\" data-id=\"4448f9b\" data-element_type=\"column\">\n\t\t\t<div class=\"elementor-widget-wrap elementor-element-populated\">\n\t\t\t\t\t\t<div class=\"elementor-element elementor-element-6a9d334 elementor-widget elementor-widget-image\" data-id=\"6a9d334\" data-element_type=\"widget\" data-widget_type=\"image.default\">\n\t\t\t\t<div class=\"elementor-widget-container\">\n\t\t\t\t\t\t\t\t\t\t\t\t\t\t\t<img loading=\"lazy\" decoding=\"async\" width=\"298\" height=\"298\" src=\"https:\/\/grupohospitalarvidas.com.br\/wp-content\/uploads\/2025\/07\/campo-limpo.png\" class=\"elementor-animation-hang attachment-large size-large wp-image-2662\" alt=\"\" srcset=\"https:\/\/grupohospitalarvidas.com.br\/wp-content\/uploads\/2025\/07\/campo-limpo.png 298w, https:\/\/grupohospitalarvidas.com.br\/wp-content\/uploads\/2025\/07\/campo-limpo-150x150.png 150w\" sizes=\"(max-width: 298px) 100vw, 298px\" \/>\t\t\t\t\t\t\t\t\t\t\t\t\t\t\t<\/div>\n\t\t\t\t<\/div>\n\t\t\t\t\t<\/div>\n\t\t<\/div>\n\t\t\t\t<div class=\"elementor-column elementor-col-50 elementor-top-column elementor-element elementor-element-7152bab\" data-id=\"7152bab\" data-element_type=\"column\">\n\t\t\t<div class=\"elementor-widget-wrap elementor-element-populated\">\n\t\t\t\t\t\t<div class=\"elementor-element elementor-element-d053e79 elementor-widget__width-initial elementor-widget elementor-widget-google_maps\" data-id=\"d053e79\" data-element_type=\"widget\" data-widget_type=\"google_maps.default\">\n\t\t\t\t<div class=\"elementor-widget-container\">\n\t\t\t\t\t\t\t<div class=\"elementor-custom-embed\">\n\t\t\t<iframe loading=\"lazy\"\n\t\t\t\t\tsrc=\"https:\/\/maps.google.com\/maps?q=Estrada%20de%20Itapecerica%2C%202687%20Jardim%20Campo%20Limpo%20-%20Zona%20Sul&#038;t=m&#038;z=16&#038;output=embed&#038;iwloc=near\"\n\t\t\t\t\ttitle=\"Estrada de Itapecerica, 2687 Jardim Campo Limpo - Zona Sul\"\n\t\t\t\t\taria-label=\"Estrada de Itapecerica, 2687 Jardim Campo Limpo - Zona Sul\"\n\t\t\t><\/iframe>\n\t\t<\/div>\n\t\t\t\t\t\t<\/div>\n\t\t\t\t<\/div>\n\t\t\t\t\t<\/div>\n\t\t<\/div>\n\t\t\t\t\t<\/div>\n\t\t<\/section>\n\t\t\t\t<section class=\"elementor-section elementor-top-section elementor-element elementor-element-e5457af elementor-section-full_width elementor-section-height-default elementor-section-height-default\" data-id=\"e5457af\" data-element_type=\"section\">\n\t\t\t\t\t\t<div class=\"elementor-container elementor-column-gap-no\">\n\t\t\t\t\t<div class=\"elementor-column elementor-col-100 elementor-top-column elementor-element elementor-element-3f45153\" data-id=\"3f45153\" data-element_type=\"column\">\n\t\t\t<div class=\"elementor-widget-wrap elementor-element-populated\">\n\t\t\t\t\t\t<div class=\"elementor-element elementor-element-091485f elementor-widget elementor-widget-shortcode\" data-id=\"091485f\" data-element_type=\"widget\" data-widget_type=\"shortcode.default\">\n\t\t\t\t<div class=\"elementor-widget-container\">\n\t\t\t\t\t\t\t<div class=\"elementor-shortcode\">[elementor-template id=\"78\"]<\/div>\n\t\t\t\t\t\t<\/div>\n\t\t\t\t<\/div>\n\t\t\t\t\t<\/div>\n\t\t<\/div>\n\t\t\t\t\t<\/div>\n\t\t<\/section>\n\t\t\t\t<\/div>\n\t\t","protected":false},"excerpt":{"rendered":"<p>Especialidades Cl\u00ednica M\u00e9dica Ortopedia Psicologia Convenciona Acompanhe nosso Endere\u00e7o Cl\u00ednica de Especialidades Vidas Campo Limpo Estrada de Itapecerica, 2687 Jardim Campo Limpo &#8211; Zona Sul [elementor-template id=&#8221;78&#8243;]<\/p>\n","protected":false},"author":1,"featured_media":0,"parent":0,"menu_order":0,"comment_status":"closed","ping_status":"closed","template":"","meta":{"site-sidebar-layout":"no-sidebar","site-content-layout":"page-builder","ast-global-header-display":"","ast-banner-title-visibility":"","ast-main-header-display":"","ast-hfb-above-header-display":"","ast-hfb-below-header-display":"","ast-hfb-mobile-header-display":"","site-post-title":"disabled","ast-breadcrumbs-content":"","ast-featured-img":"disabled","footer-sml-layout":"","theme-transparent-header-meta":"","adv-header-id-meta":"","stick-header-meta":"","header-above-stick-meta":"","header-main-stick-meta":"","header-below-stick-meta":"","footnotes":""},"class_list":["post-2589","page","type-page","status-publish","hentry"],"_links":{"self":[{"href":"https:\/\/grupohospitalarvidas.com.br\/index.php\/wp-json\/wp\/v2\/pages\/2589","targetHints":{"allow":["GET"]}}],"collection":[{"href":"https:\/\/grupohospitalarvidas.com.br\/index.php\/wp-json\/wp\/v2\/pages"}],"about":[{"href":"https:\/\/grupohospitalarvidas.com.br\/index.php\/wp-json\/wp\/v2\/types\/page"}],"author":[{"embeddable":true,"href":"https:\/\/grupohospitalarvidas.com.br\/index.php\/wp-json\/wp\/v2\/users\/1"}],"replies":[{"embeddable":true,"href":"https:\/\/grupohospitalarvidas.com.br\/index.php\/wp-json\/wp\/v2\/comments?post=2589"}],"version-history":[{"count":19,"href":"https:\/\/grupohospitalarvidas.com.br\/index.php\/wp-json\/wp\/v2\/pages\/2589\/revisions"}],"predecessor-version":[{"id":3039,"href":"https:\/\/grupohospitalarvidas.com.br\/index.php\/wp-json\/wp\/v2\/pages\/2589\/revisions\/3039"}],"wp:attachment":[{"href":"https:\/\/grupohospitalarvidas.com.br\/index.php\/wp-json\/wp\/v2\/media?parent=2589"}],"curies":[{"name":"wp","href":"https:\/\/api.w.org\/{rel}","templated":true}]}}